{"id":74,"date":"2020-09-28T14:55:29","date_gmt":"2020-09-28T12:55:29","guid":{"rendered":"https:\/\/www.ramborn.com\/?page_id=74"},"modified":"2026-04-14T11:08:43","modified_gmt":"2026-04-14T09:08:43","slug":"visit","status":"publish","type":"page","link":"https:\/\/www.ramborn.com\/lb\/visit\/","title":{"rendered":"Visite"},"content":{"rendered":"<p>Kommt eise Cider-Haff zu Bur besichen \u2013 hei gesitt Dir wou mir all eist Uebst kelteren, eise feine Cider a Perry verg\u00e4ren a r\u00e4ife loossen an da m\u00ebschen. Inform\u00e9iert Iech iwwert eis Offer fir d\u2019Visiten, fir d\u2019Degustatiounen a m\u00e9i \u2026<\/p>\n<p>&nbsp;<\/p>\n<p>Shop as\u00a0 op :\u00a0 Mettwochs &#8211; Sonndes 14:00-18:00h<\/p>","protected":false},"excerpt":{"rendered":"<p>Kommt eise Cider-Haff zu Bur besichen \u2013 hei gesitt Dir wou mir all eist Uebst kelteren, eise feine Cider a Perry verg\u00e4ren a r\u00e4ife loossen an da m\u00ebschen. Inform\u00e9iert Iech iwwert eis Offer fir d\u2019Visiten, fir d\u2019Degustatiounen a m\u00e9i \u2026 &nbsp; Shop as\u00a0 op :\u00a0 Mettwochs &#8211; Sonndes 14:00-18:00h<\/p>\n","protected":false},"author":1,"featured_media":127,"parent":0,"menu_order":4,"comment_status":"closed","ping_status":"closed","template":"template-visit.php","meta":{"_acf_changed":false,"footnotes":""},"class_list":["post-74","page","type-page","status-publish","has-post-thumbnail","hentry"],"acf":[],"_links":{"self":[{"href":"https:\/\/www.ramborn.com\/lb\/wp-json\/wp\/v2\/pages\/74","targetHints":{"allow":["GET"]}}],"collection":[{"href":"https:\/\/www.ramborn.com\/lb\/wp-json\/wp\/v2\/pages"}],"about":[{"href":"https:\/\/www.ramborn.com\/lb\/wp-json\/wp\/v2\/types\/page"}],"author":[{"embeddable":true,"href":"https:\/\/www.ramborn.com\/lb\/wp-json\/wp\/v2\/users\/1"}],"replies":[{"embeddable":true,"href":"https:\/\/www.ramborn.com\/lb\/wp-json\/wp\/v2\/comments?post=74"}],"version-history":[{"count":97,"href":"https:\/\/www.ramborn.com\/lb\/wp-json\/wp\/v2\/pages\/74\/revisions"}],"predecessor-version":[{"id":1017,"href":"https:\/\/www.ramborn.com\/lb\/wp-json\/wp\/v2\/pages\/74\/revisions\/1017"}],"wp:featuredmedia":[{"embeddable":true,"href":"https:\/\/www.ramborn.com\/lb\/wp-json\/wp\/v2\/media\/127"}],"wp:attachment":[{"href":"https:\/\/www.ramborn.com\/lb\/wp-json\/wp\/v2\/media?parent=74"}],"curies":[{"name":"wp","href":"https:\/\/api.w.org\/{rel}","templated":true}]}}